{"id":261,"date":"2025-06-27T18:26:12","date_gmt":"2025-06-27T18:26:12","guid":{"rendered":"https:\/\/huseyinemreulukaya.com\/?page_id=261"},"modified":"2025-10-21T21:14:49","modified_gmt":"2025-10-21T21:14:49","slug":"kol-germe-ameliyati","status":"publish","type":"page","link":"https:\/\/huseyinemreulukaya.com\/en\/kol-germe-ameliyati\/","title":{"rendered":"Arm Lift Surgery"},"content":{"rendered":"<div data-elementor-type=\"wp-page\" data-elementor-id=\"261\" class=\"elementor elementor-261\">\n\t\t\t\t<div class=\"elementor-element elementor-element-1e8bcc6f e-flex e-con-boxed e-con e-parent\" data-id=\"1e8bcc6f\" data-element_type=\"container\" data-e-type=\"container\" data-settings=\"{&quot;background_background&quot;:&quot;classic&quot;}\">\n\t\t\t\t\t<div class=\"e-con-inner\">\n\t\t<div class=\"elementor-element elementor-element-e6ed6e8 e-con-full e-flex e-con e-child\" data-id=\"e6ed6e8\" data-element_type=\"container\" data-e-type=\"container\">\n\t\t\t\t<div class=\"elementor-element elementor-element-5167c1b3 elementor-invisible elementor-widget elementor-widget-heading\" data-id=\"5167c1b3\" data-element_type=\"widget\" data-e-type=\"widget\" data-settings=\"{&quot;_animation&quot;:&quot;fadeInUp&quot;,&quot;_animation_mobile&quot;:&quot;none&quot;}\" data-widget_type=\"heading.default\">\n\t\t\t\t<div class=\"elementor-widget-container\">\n\t\t\t\t\t<h1 class=\"elementor-heading-title elementor-size-default\">Arm Lift Surgery<\/h1>\t\t\t\t<\/div>\n\t\t\t\t<\/div>\n\t\t\t\t<div class=\"elementor-element elementor-element-8518986 elementor-invisible elementor-widget elementor-widget-text-editor\" data-id=\"8518986\" data-element_type=\"widget\" data-e-type=\"widget\" data-settings=\"{&quot;_animation&quot;:&quot;fadeInUp&quot;}\" data-widget_type=\"text-editor.default\">\n\t\t\t\t<div class=\"elementor-widget-container\">\n\t\t\t\t\t\t\t\t\t<p>An aesthetic solution for firmer and more toned arms.<\/p>\t\t\t\t\t\t\t\t<\/div>\n\t\t\t\t<\/div>\n\t\t\t\t<\/div>\n\t\t<div class=\"elementor-element elementor-element-78819733 e-con-full e-flex e-con e-child\" data-id=\"78819733\" data-element_type=\"container\" data-e-type=\"container\">\n\t\t<div class=\"elementor-element elementor-element-1b65a949 e-con-full elementor-hidden-tablet elementor-hidden-mobile e-flex e-con e-child\" data-id=\"1b65a949\" data-element_type=\"container\" data-e-type=\"container\">\n\t\t\t\t<\/div>\n\t\t\t\t<\/div>\n\t\t\t\t\t<\/div>\n\t\t\t\t<\/div>\n\t\t<div class=\"elementor-element elementor-element-6eca17cb e-flex e-con-boxed e-con e-parent\" data-id=\"6eca17cb\" data-element_type=\"container\" data-e-type=\"container\">\n\t\t\t\t\t<div class=\"e-con-inner\">\n\t\t<div class=\"elementor-element elementor-element-f0a9b64 e-con-full e-flex e-con e-child\" data-id=\"f0a9b64\" data-element_type=\"container\" data-e-type=\"container\">\n\t\t\t\t<div class=\"elementor-element elementor-element-3ad498db elementor-widget elementor-widget-text-editor\" data-id=\"3ad498db\" data-element_type=\"widget\" data-e-type=\"widget\" data-widget_type=\"text-editor.default\">\n\t\t\t\t<div class=\"elementor-widget-container\">\n\t\t\t\t\t\t\t\t\t<h4><strong>Arm Lift Surgery<\/strong><\/h4><p>Factors such as aging, genetic predisposition, rapid weight gain or loss, or decreased skin elasticity can cause sagging and stretch marks in the arm area. These sagging areas, particularly on the inner upper arm, can be aesthetically bothersome and prevent individuals from feeling confident in their clothing choices.<\/p><p>Arm lift surgery (brachioplasty) involves surgically removing excess skin and sagging tissue to achieve a firmer and more streamlined arm profile. If necessary, liposuction (fat removal) can be performed before or during the procedure to further improve the contour.<\/p><p>The surgery is usually performed under general anesthesia and is tailored to the patient's needs. Incisions are placed on the inner surface of the arm or along the armpit line to minimize their visibility. During the healing process, wearing a special medical garment (corset) for several weeks is recommended to reduce swelling and allow the arm contour to fully settle.<\/p>\t\t\t\t\t\t\t\t<\/div>\n\t\t\t\t<\/div>\n\t\t\t\t<\/div>\n\t\t<div class=\"elementor-element elementor-element-6c9cfef1 e-con-full e-flex e-con e-child\" data-id=\"6c9cfef1\" data-element_type=\"container\" data-e-type=\"container\">\n\t\t<div class=\"elementor-element elementor-element-7b13d42c e-con-full elementor-hidden-tablet elementor-hidden-mobile e-flex elementor-invisible e-con e-child\" data-id=\"7b13d42c\" data-element_type=\"container\" data-e-type=\"container\" data-settings=\"{&quot;background_background&quot;:&quot;classic&quot;,&quot;animation&quot;:&quot;fadeIn&quot;}\">\n\t\t\t\t<div class=\"elementor-element elementor-element-762fcd8 elementor-widget elementor-widget-heading\" data-id=\"762fcd8\" data-element_type=\"widget\" data-e-type=\"widget\" data-widget_type=\"heading.default\">\n\t\t\t\t<div class=\"elementor-widget-container\">\n\t\t\t\t\t<h4 class=\"elementor-heading-title elementor-size-default\">Book an Appointment<\/h4>\t\t\t\t<\/div>\n\t\t\t\t<\/div>\n\t\t\t\t<div class=\"elementor-element elementor-element-43d3b20b elementor-widget elementor-widget-text-editor\" data-id=\"43d3b20b\" data-element_type=\"widget\" data-e-type=\"widget\" data-widget_type=\"text-editor.default\">\n\t\t\t\t<div class=\"elementor-widget-container\">\n\t\t\t\t\t\t\t\t\t<p>You can easily contact us to schedule an appointment and receive a detailed assessment.<\/p>\t\t\t\t\t\t\t\t<\/div>\n\t\t\t\t<\/div>\n\t\t\t\t<div class=\"elementor-element elementor-element-2c1f8b6b elementor-align-center elementor-widget elementor-widget-button\" data-id=\"2c1f8b6b\" data-element_type=\"widget\" data-e-type=\"widget\" data-widget_type=\"button.default\">\n\t\t\t\t<div class=\"elementor-widget-container\">\n\t\t\t\t\t\t\t\t\t<div class=\"elementor-button-wrapper\">\n\t\t\t\t\t<a class=\"elementor-button elementor-button-link elementor-size-sm\" href=\"\/en\/iletisim\/\">\n\t\t\t\t\t\t<span class=\"elementor-button-content-wrapper\">\n\t\t\t\t\t\t\t\t\t<span class=\"elementor-button-text\">Contact us<\/span>\n\t\t\t\t\t<\/span>\n\t\t\t\t\t<\/a>\n\t\t\t\t<\/div>\n\t\t\t\t\t\t\t\t<\/div>\n\t\t\t\t<\/div>\n\t\t\t\t<\/div>\n\t\t\t\t<\/div>\n\t\t\t\t\t<\/div>\n\t\t\t\t<\/div>\n\t\t\t\t<\/div>","protected":false},"excerpt":{"rendered":"<p>Kol Germe Ameliyat\u0131 Daha s\u0131k\u0131 ve formda kollar i\u00e7in estetik bir \u00e7\u00f6z\u00fcm Kol Germe Ameliyat\u0131 Ya\u015flanma, genetik yatk\u0131nl\u0131k, h\u0131zl\u0131 kilo al\u0131p verme ya da cilt elastikiyetindeki azalma gibi fakt\u00f6rler sonucunda\u00a0kol b\u00f6lgesinde sarkma ve \u00e7atlaklar\u00a0meydana gelebilir. \u00d6zellikle \u00fcst kolun i\u00e7 k\u0131sm\u0131nda olu\u015fan bu sarkmalar, estetik a\u00e7\u0131dan rahats\u0131z edici olabilir ve hastalar\u0131n k\u0131yafet se\u00e7iminde \u00f6zg\u00fcr hissetmesini engelleyebilir. [&hellip;]<\/p>","protected":false},"author":1,"featured_media":0,"parent":0,"menu_order":0,"comment_status":"closed","ping_status":"closed","template":"","meta":{"footnotes":""},"class_list":["post-261","page","type-page","status-publish","hentry"],"_links":{"self":[{"href":"https:\/\/huseyinemreulukaya.com\/en\/wp-json\/wp\/v2\/pages\/261","targetHints":{"allow":["GET"]}}],"collection":[{"href":"https:\/\/huseyinemreulukaya.com\/en\/wp-json\/wp\/v2\/pages"}],"about":[{"href":"https:\/\/huseyinemreulukaya.com\/en\/wp-json\/wp\/v2\/types\/page"}],"author":[{"embeddable":true,"href":"https:\/\/huseyinemreulukaya.com\/en\/wp-json\/wp\/v2\/users\/1"}],"replies":[{"embeddable":true,"href":"https:\/\/huseyinemreulukaya.com\/en\/wp-json\/wp\/v2\/comments?post=261"}],"version-history":[{"count":10,"href":"https:\/\/huseyinemreulukaya.com\/en\/wp-json\/wp\/v2\/pages\/261\/revisions"}],"predecessor-version":[{"id":642,"href":"https:\/\/huseyinemreulukaya.com\/en\/wp-json\/wp\/v2\/pages\/261\/revisions\/642"}],"wp:attachment":[{"href":"https:\/\/huseyinemreulukaya.com\/en\/wp-json\/wp\/v2\/media?parent=261"}],"curies":[{"name":"wp","href":"https:\/\/api.w.org\/{rel}","templated":true}]}}