{"id":266,"date":"2025-06-27T18:14:34","date_gmt":"2025-06-27T18:14:34","guid":{"rendered":"https:\/\/huseyinemreulukaya.com\/?page_id=266"},"modified":"2025-10-21T21:07:59","modified_gmt":"2025-10-21T21:07:59","slug":"burun-estetigi-rinoplasti","status":"publish","type":"page","link":"https:\/\/huseyinemreulukaya.com\/en\/burun-estetigi-rinoplasti\/","title":{"rendered":"Nose Aesthetics (Rhinoplasty)"},"content":{"rendered":"<div data-elementor-type=\"wp-page\" data-elementor-id=\"266\" class=\"elementor elementor-266\">\n\t\t\t\t<div class=\"elementor-element elementor-element-1e8bcc6f e-flex e-con-boxed e-con e-parent\" data-id=\"1e8bcc6f\" data-element_type=\"container\" data-e-type=\"container\" data-settings=\"{&quot;background_background&quot;:&quot;classic&quot;}\">\n\t\t\t\t\t<div class=\"e-con-inner\">\n\t\t<div class=\"elementor-element elementor-element-e6ed6e8 e-con-full e-flex e-con e-child\" data-id=\"e6ed6e8\" data-element_type=\"container\" data-e-type=\"container\">\n\t\t\t\t<div class=\"elementor-element elementor-element-5167c1b3 elementor-invisible elementor-widget elementor-widget-heading\" data-id=\"5167c1b3\" data-element_type=\"widget\" data-e-type=\"widget\" data-settings=\"{&quot;_animation&quot;:&quot;fadeInUp&quot;,&quot;_animation_mobile&quot;:&quot;none&quot;}\" data-widget_type=\"heading.default\">\n\t\t\t\t<div class=\"elementor-widget-container\">\n\t\t\t\t\t<h1 class=\"elementor-heading-title elementor-size-default\">Nose Aesthetics (Rhinoplasty)<\/h1>\t\t\t\t<\/div>\n\t\t\t\t<\/div>\n\t\t\t\t<div class=\"elementor-element elementor-element-8518986 elementor-invisible elementor-widget elementor-widget-text-editor\" data-id=\"8518986\" data-element_type=\"widget\" data-e-type=\"widget\" data-settings=\"{&quot;_animation&quot;:&quot;fadeInUp&quot;}\" data-widget_type=\"text-editor.default\">\n\t\t\t\t<div class=\"elementor-widget-container\">\n\t\t\t\t\t\t\t\t\t<p>Today, many people who are dissatisfied with the shape of their nose or who experience breathing problems are turning to rhinoplasty surgery in search of a permanent and effective solution.<\/p>\t\t\t\t\t\t\t\t<\/div>\n\t\t\t\t<\/div>\n\t\t\t\t<\/div>\n\t\t<div class=\"elementor-element elementor-element-78819733 e-con-full e-flex e-con e-child\" data-id=\"78819733\" data-element_type=\"container\" data-e-type=\"container\">\n\t\t<div class=\"elementor-element elementor-element-1b65a949 e-con-full elementor-hidden-tablet elementor-hidden-mobile e-flex e-con e-child\" data-id=\"1b65a949\" data-element_type=\"container\" data-e-type=\"container\">\n\t\t\t\t<\/div>\n\t\t\t\t<\/div>\n\t\t\t\t\t<\/div>\n\t\t\t\t<\/div>\n\t\t<div class=\"elementor-element elementor-element-6eca17cb e-flex e-con-boxed e-con e-parent\" data-id=\"6eca17cb\" data-element_type=\"container\" data-e-type=\"container\">\n\t\t\t\t\t<div class=\"e-con-inner\">\n\t\t<div class=\"elementor-element elementor-element-f0a9b64 e-con-full e-flex e-con e-child\" data-id=\"f0a9b64\" data-element_type=\"container\" data-e-type=\"container\">\n\t\t\t\t<div class=\"elementor-element elementor-element-3ad498db elementor-widget elementor-widget-text-editor\" data-id=\"3ad498db\" data-element_type=\"widget\" data-e-type=\"widget\" data-widget_type=\"text-editor.default\">\n\t\t\t\t<div class=\"elementor-widget-container\">\n\t\t\t\t\t\t\t\t\t<h4><strong>Nose Aesthetics (Rhinoplasty)<\/strong><\/h4><p>Today, many people who are dissatisfied with the shape of their nose or who experience breathing problems are turning to rhinoplasty (nose surgery) in search of a permanent and effective solution. Rhinoplasty, as it is called in medicine, aims to reshape the bone, cartilage, and soft tissues of the nose to be in harmony with the individual's facial structure.<\/p><h4>Which techniques are used?<\/h4><p>Rhinoplasty surgeries can be performed using either a closed or open technique, depending on the patient's needs and the surgeon's preference.<\/p><ul><li>Closed Rhinoplasty: All surgical procedures are performed through the inside of the nostrils. There are no external incisions or scars. Because it is less invasive, the recovery process is generally faster.<\/li><li>Open Rhinoplasty: This involves making a small incision in the skin between the nostrils. This technique is preferred because it allows for greater control, especially in shaping the nasal tip.<\/li><\/ul><p>\u00a0<\/p><p>In recent years, open rhinoplasty has undergone a significant evolution, aided by technological advancements. Unlike traditional methods, advanced technologies such as ultrasonic rhinoplasty and piezoelectric surgery, which offer the possibility of shaping bone without breaking it, allow for more precise and controlled interventions. This results in both more successful aesthetic outcomes and a more comfortable recovery process.<\/p>\t\t\t\t\t\t\t\t<\/div>\n\t\t\t\t<\/div>\n\t\t\t\t<\/div>\n\t\t<div class=\"elementor-element elementor-element-6c9cfef1 e-con-full e-flex e-con e-child\" data-id=\"6c9cfef1\" data-element_type=\"container\" data-e-type=\"container\">\n\t\t<div class=\"elementor-element elementor-element-7b13d42c e-con-full elementor-hidden-tablet elementor-hidden-mobile e-flex elementor-invisible e-con e-child\" data-id=\"7b13d42c\" data-element_type=\"container\" data-e-type=\"container\" data-settings=\"{&quot;background_background&quot;:&quot;classic&quot;,&quot;animation&quot;:&quot;fadeIn&quot;}\">\n\t\t\t\t<div class=\"elementor-element elementor-element-762fcd8 elementor-widget elementor-widget-heading\" data-id=\"762fcd8\" data-element_type=\"widget\" data-e-type=\"widget\" data-widget_type=\"heading.default\">\n\t\t\t\t<div class=\"elementor-widget-container\">\n\t\t\t\t\t<h4 class=\"elementor-heading-title elementor-size-default\">Book an Appointment<\/h4>\t\t\t\t<\/div>\n\t\t\t\t<\/div>\n\t\t\t\t<div class=\"elementor-element elementor-element-43d3b20b elementor-widget elementor-widget-text-editor\" data-id=\"43d3b20b\" data-element_type=\"widget\" data-e-type=\"widget\" data-widget_type=\"text-editor.default\">\n\t\t\t\t<div class=\"elementor-widget-container\">\n\t\t\t\t\t\t\t\t\t<p>You can easily contact us to schedule an appointment and receive a detailed assessment.<\/p>\t\t\t\t\t\t\t\t<\/div>\n\t\t\t\t<\/div>\n\t\t\t\t<div class=\"elementor-element elementor-element-2c1f8b6b elementor-align-center elementor-widget elementor-widget-button\" data-id=\"2c1f8b6b\" data-element_type=\"widget\" data-e-type=\"widget\" data-widget_type=\"button.default\">\n\t\t\t\t<div class=\"elementor-widget-container\">\n\t\t\t\t\t\t\t\t\t<div class=\"elementor-button-wrapper\">\n\t\t\t\t\t<a class=\"elementor-button elementor-button-link elementor-size-sm\" href=\"\/en\/iletisim\/\">\n\t\t\t\t\t\t<span class=\"elementor-button-content-wrapper\">\n\t\t\t\t\t\t\t\t\t<span class=\"elementor-button-text\">Contact us<\/span>\n\t\t\t\t\t<\/span>\n\t\t\t\t\t<\/a>\n\t\t\t\t<\/div>\n\t\t\t\t\t\t\t\t<\/div>\n\t\t\t\t<\/div>\n\t\t\t\t<\/div>\n\t\t\t\t<\/div>\n\t\t\t\t\t<\/div>\n\t\t\t\t<\/div>\n\t\t\t\t<\/div>","protected":false},"excerpt":{"rendered":"<p>Burun Esteti\u011fi (Rinoplasti) G\u00fcn\u00fcm\u00fczde burun \u015feklinden memnun olmayan ya da nefes alma sorunlar\u0131 ya\u015fayan bir\u00e7ok ki\u015fi, kal\u0131c\u0131 ve etkili bir \u00e7\u00f6z\u00fcm aray\u0131\u015f\u0131yla\u00a0burun esteti\u011fi ameliyat\u0131na\u00a0ba\u015fvurmaktad\u0131r. Burun Esteti\u011fi (Rinoplasti) G\u00fcn\u00fcm\u00fczde burun \u015feklinden memnun olmayan ya da nefes alma sorunlar\u0131 ya\u015fayan bir\u00e7ok ki\u015fi, kal\u0131c\u0131 ve etkili bir \u00e7\u00f6z\u00fcm aray\u0131\u015f\u0131yla\u00a0burun esteti\u011fi ameliyat\u0131na\u00a0ba\u015fvurmaktad\u0131r. Burun esteti\u011fi, t\u0131pta\u00a0rinoplasti\u00a0olarak adland\u0131r\u0131l\u0131r ve burnun kemik, [&hellip;]<\/p>","protected":false},"author":1,"featured_media":0,"parent":0,"menu_order":0,"comment_status":"closed","ping_status":"closed","template":"","meta":{"footnotes":""},"class_list":["post-266","page","type-page","status-publish","hentry"],"_links":{"self":[{"href":"https:\/\/huseyinemreulukaya.com\/en\/wp-json\/wp\/v2\/pages\/266","targetHints":{"allow":["GET"]}}],"collection":[{"href":"https:\/\/huseyinemreulukaya.com\/en\/wp-json\/wp\/v2\/pages"}],"about":[{"href":"https:\/\/huseyinemreulukaya.com\/en\/wp-json\/wp\/v2\/types\/page"}],"author":[{"embeddable":true,"href":"https:\/\/huseyinemreulukaya.com\/en\/wp-json\/wp\/v2\/users\/1"}],"replies":[{"embeddable":true,"href":"https:\/\/huseyinemreulukaya.com\/en\/wp-json\/wp\/v2\/comments?post=266"}],"version-history":[{"count":16,"href":"https:\/\/huseyinemreulukaya.com\/en\/wp-json\/wp\/v2\/pages\/266\/revisions"}],"predecessor-version":[{"id":581,"href":"https:\/\/huseyinemreulukaya.com\/en\/wp-json\/wp\/v2\/pages\/266\/revisions\/581"}],"wp:attachment":[{"href":"https:\/\/huseyinemreulukaya.com\/en\/wp-json\/wp\/v2\/media?parent=266"}],"curies":[{"name":"wp","href":"https:\/\/api.w.org\/{rel}","templated":true}]}}