{"id":273,"date":"2025-06-27T18:15:04","date_gmt":"2025-06-27T18:15:04","guid":{"rendered":"https:\/\/huseyinemreulukaya.com\/?page_id=273"},"modified":"2025-10-21T21:23:11","modified_gmt":"2025-10-21T21:23:11","slug":"kepce-kulak","status":"publish","type":"page","link":"https:\/\/huseyinemreulukaya.com\/en\/kepce-kulak\/","title":{"rendered":"Protruding Ears"},"content":{"rendered":"<div data-elementor-type=\"wp-page\" data-elementor-id=\"273\" class=\"elementor elementor-273\">\n\t\t\t\t<div class=\"elementor-element elementor-element-1e8bcc6f e-flex e-con-boxed e-con e-parent\" data-id=\"1e8bcc6f\" data-element_type=\"container\" data-e-type=\"container\" data-settings=\"{&quot;background_background&quot;:&quot;classic&quot;}\">\n\t\t\t\t\t<div class=\"e-con-inner\">\n\t\t<div class=\"elementor-element elementor-element-e6ed6e8 e-con-full e-flex e-con e-child\" data-id=\"e6ed6e8\" data-element_type=\"container\" data-e-type=\"container\">\n\t\t\t\t<div class=\"elementor-element elementor-element-5167c1b3 elementor-invisible elementor-widget elementor-widget-heading\" data-id=\"5167c1b3\" data-element_type=\"widget\" data-e-type=\"widget\" data-settings=\"{&quot;_animation&quot;:&quot;fadeInUp&quot;,&quot;_animation_mobile&quot;:&quot;none&quot;}\" data-widget_type=\"heading.default\">\n\t\t\t\t<div class=\"elementor-widget-container\">\n\t\t\t\t\t<h1 class=\"elementor-heading-title elementor-size-default\">Protruding Ears<\/h1>\t\t\t\t<\/div>\n\t\t\t\t<\/div>\n\t\t\t\t<div class=\"elementor-element elementor-element-8518986 elementor-invisible elementor-widget elementor-widget-text-editor\" data-id=\"8518986\" data-element_type=\"widget\" data-e-type=\"widget\" data-settings=\"{&quot;_animation&quot;:&quot;fadeInUp&quot;}\" data-widget_type=\"text-editor.default\">\n\t\t\t\t<div class=\"elementor-widget-container\">\n\t\t\t\t\t\t\t\t\t<p>Protruding ears are an aesthetic problem that can affect a person's self-confidence from childhood onwards.<\/p>\t\t\t\t\t\t\t\t<\/div>\n\t\t\t\t<\/div>\n\t\t\t\t<\/div>\n\t\t<div class=\"elementor-element elementor-element-78819733 e-con-full e-flex e-con e-child\" data-id=\"78819733\" data-element_type=\"container\" data-e-type=\"container\">\n\t\t<div class=\"elementor-element elementor-element-1b65a949 e-con-full elementor-hidden-tablet elementor-hidden-mobile e-flex e-con e-child\" data-id=\"1b65a949\" data-element_type=\"container\" data-e-type=\"container\">\n\t\t\t\t<\/div>\n\t\t\t\t<\/div>\n\t\t\t\t\t<\/div>\n\t\t\t\t<\/div>\n\t\t<div class=\"elementor-element elementor-element-6eca17cb e-flex e-con-boxed e-con e-parent\" data-id=\"6eca17cb\" data-element_type=\"container\" data-e-type=\"container\">\n\t\t\t\t\t<div class=\"e-con-inner\">\n\t\t<div class=\"elementor-element elementor-element-f0a9b64 e-con-full e-flex e-con e-child\" data-id=\"f0a9b64\" data-element_type=\"container\" data-e-type=\"container\">\n\t\t\t\t<div class=\"elementor-element elementor-element-3ad498db elementor-widget elementor-widget-text-editor\" data-id=\"3ad498db\" data-element_type=\"widget\" data-e-type=\"widget\" data-widget_type=\"text-editor.default\">\n\t\t\t\t<div class=\"elementor-widget-container\">\n\t\t\t\t\t\t\t\t\t<h4><strong>Protruding Ears<\/strong><\/h4><p>Protruding ears are an aesthetic problem that can affect an individual's self-confidence from childhood. Especially in school-aged children, psychological effects such as introversion, social anxiety, and low self-esteem can be observed due to peer bullying. Therefore, otoplasty (ear reshaping surgery) is an important surgical intervention not only for physical well-being but also for emotional well-being.<\/p><p>Otoplasty (ear correction surgery) aims to bring the ears closer to the head and give them a natural curve. Depending on the details of the procedure and the patient's age, it can be performed under general or local anesthesia. It is usually performed through a small incision behind the ear, and the scars are not visible externally.<\/p>\t\t\t\t\t\t\t\t<\/div>\n\t\t\t\t<\/div>\n\t\t\t\t<\/div>\n\t\t<div class=\"elementor-element elementor-element-6c9cfef1 e-con-full e-flex e-con e-child\" data-id=\"6c9cfef1\" data-element_type=\"container\" data-e-type=\"container\">\n\t\t<div class=\"elementor-element elementor-element-7b13d42c e-con-full elementor-hidden-tablet elementor-hidden-mobile e-flex elementor-invisible e-con e-child\" data-id=\"7b13d42c\" data-element_type=\"container\" data-e-type=\"container\" data-settings=\"{&quot;background_background&quot;:&quot;classic&quot;,&quot;animation&quot;:&quot;fadeIn&quot;}\">\n\t\t\t\t<div class=\"elementor-element elementor-element-762fcd8 elementor-widget elementor-widget-heading\" data-id=\"762fcd8\" data-element_type=\"widget\" data-e-type=\"widget\" data-widget_type=\"heading.default\">\n\t\t\t\t<div class=\"elementor-widget-container\">\n\t\t\t\t\t<h4 class=\"elementor-heading-title elementor-size-default\">Book an Appointment<\/h4>\t\t\t\t<\/div>\n\t\t\t\t<\/div>\n\t\t\t\t<div class=\"elementor-element elementor-element-43d3b20b elementor-widget elementor-widget-text-editor\" data-id=\"43d3b20b\" data-element_type=\"widget\" data-e-type=\"widget\" data-widget_type=\"text-editor.default\">\n\t\t\t\t<div class=\"elementor-widget-container\">\n\t\t\t\t\t\t\t\t\t<p>You can easily contact us to schedule an appointment and receive a detailed assessment.<\/p>\t\t\t\t\t\t\t\t<\/div>\n\t\t\t\t<\/div>\n\t\t\t\t<div class=\"elementor-element elementor-element-2c1f8b6b elementor-align-center elementor-widget elementor-widget-button\" data-id=\"2c1f8b6b\" data-element_type=\"widget\" data-e-type=\"widget\" data-widget_type=\"button.default\">\n\t\t\t\t<div class=\"elementor-widget-container\">\n\t\t\t\t\t\t\t\t\t<div class=\"elementor-button-wrapper\">\n\t\t\t\t\t<a class=\"elementor-button elementor-button-link elementor-size-sm\" href=\"\/en\/iletisim\/\">\n\t\t\t\t\t\t<span class=\"elementor-button-content-wrapper\">\n\t\t\t\t\t\t\t\t\t<span class=\"elementor-button-text\">Contact us<\/span>\n\t\t\t\t\t<\/span>\n\t\t\t\t\t<\/a>\n\t\t\t\t<\/div>\n\t\t\t\t\t\t\t\t<\/div>\n\t\t\t\t<\/div>\n\t\t\t\t<\/div>\n\t\t\t\t<\/div>\n\t\t\t\t\t<\/div>\n\t\t\t\t<\/div>\n\t\t\t\t<\/div>","protected":false},"excerpt":{"rendered":"<p>Kep\u00e7e kulak Kep\u00e7e kulak g\u00f6r\u00fcn\u00fcm\u00fc, \u00e7ocukluk d\u00f6neminden itibaren bireyin \u00f6zg\u00fcvenini etkileyebilen estetik bir problemdir Kep\u00e7e kulak Kep\u00e7e kulak g\u00f6r\u00fcn\u00fcm\u00fc, \u00e7ocukluk d\u00f6neminden itibaren bireyin \u00f6zg\u00fcvenini etkileyebilen estetik bir problemdir. \u00d6zellikle okul \u00e7a\u011f\u0131ndaki \u00e7ocuklarda, akran zorbal\u0131\u011f\u0131na ba\u011fl\u0131 olarak i\u00e7e kapanma, sosyal kayg\u0131 ve \u00f6zg\u00fcven eksikli\u011fi gibi psikolojik etkiler g\u00f6zlemlenebilir. Bu nedenle kep\u00e7e kulak esteti\u011fi, sadece fiziksel de\u011fil, [&hellip;]<\/p>","protected":false},"author":1,"featured_media":0,"parent":0,"menu_order":0,"comment_status":"closed","ping_status":"closed","template":"","meta":{"footnotes":""},"class_list":["post-273","page","type-page","status-publish","hentry"],"_links":{"self":[{"href":"https:\/\/huseyinemreulukaya.com\/en\/wp-json\/wp\/v2\/pages\/273","targetHints":{"allow":["GET"]}}],"collection":[{"href":"https:\/\/huseyinemreulukaya.com\/en\/wp-json\/wp\/v2\/pages"}],"about":[{"href":"https:\/\/huseyinemreulukaya.com\/en\/wp-json\/wp\/v2\/types\/page"}],"author":[{"embeddable":true,"href":"https:\/\/huseyinemreulukaya.com\/en\/wp-json\/wp\/v2\/users\/1"}],"replies":[{"embeddable":true,"href":"https:\/\/huseyinemreulukaya.com\/en\/wp-json\/wp\/v2\/comments?post=273"}],"version-history":[{"count":16,"href":"https:\/\/huseyinemreulukaya.com\/en\/wp-json\/wp\/v2\/pages\/273\/revisions"}],"predecessor-version":[{"id":728,"href":"https:\/\/huseyinemreulukaya.com\/en\/wp-json\/wp\/v2\/pages\/273\/revisions\/728"}],"wp:attachment":[{"href":"https:\/\/huseyinemreulukaya.com\/en\/wp-json\/wp\/v2\/media?parent=273"}],"curies":[{"name":"wp","href":"https:\/\/api.w.org\/{rel}","templated":true}]}}