{"id":275,"date":"2025-06-27T18:15:13","date_gmt":"2025-06-27T18:15:13","guid":{"rendered":"https:\/\/huseyinemreulukaya.com\/?page_id=275"},"modified":"2025-10-21T21:17:31","modified_gmt":"2025-10-21T21:17:31","slug":"gidi-lipo","status":"publish","type":"page","link":"https:\/\/huseyinemreulukaya.com\/en\/gidi-lipo\/","title":{"rendered":"Chin Lipo"},"content":{"rendered":"<div data-elementor-type=\"wp-page\" data-elementor-id=\"275\" class=\"elementor elementor-275\">\n\t\t\t\t<div class=\"elementor-element elementor-element-1e8bcc6f e-flex e-con-boxed e-con e-parent\" data-id=\"1e8bcc6f\" data-element_type=\"container\" data-e-type=\"container\" data-settings=\"{&quot;background_background&quot;:&quot;classic&quot;}\">\n\t\t\t\t\t<div class=\"e-con-inner\">\n\t\t<div class=\"elementor-element elementor-element-e6ed6e8 e-con-full e-flex e-con e-child\" data-id=\"e6ed6e8\" data-element_type=\"container\" data-e-type=\"container\">\n\t\t\t\t<div class=\"elementor-element elementor-element-5167c1b3 elementor-invisible elementor-widget elementor-widget-heading\" data-id=\"5167c1b3\" data-element_type=\"widget\" data-e-type=\"widget\" data-settings=\"{&quot;_animation&quot;:&quot;fadeInUp&quot;,&quot;_animation_mobile&quot;:&quot;none&quot;}\" data-widget_type=\"heading.default\">\n\t\t\t\t<div class=\"elementor-widget-container\">\n\t\t\t\t\t<h1 class=\"elementor-heading-title elementor-size-default\">Chin Lipo<\/h1>\t\t\t\t<\/div>\n\t\t\t\t<\/div>\n\t\t\t\t<div class=\"elementor-element elementor-element-8518986 elementor-invisible elementor-widget elementor-widget-text-editor\" data-id=\"8518986\" data-element_type=\"widget\" data-e-type=\"widget\" data-settings=\"{&quot;_animation&quot;:&quot;fadeInUp&quot;}\" data-widget_type=\"text-editor.default\">\n\t\t\t\t<div class=\"elementor-widget-container\">\n\t\t\t\t\t\t\t\t\t<p>The definition of a jawline plays a significant role in making a face look youthful and aesthetically pleasing. Fat accumulation in the chin area can cause this line to disappear, making the face appear rounder and more saggy.<\/p>\t\t\t\t\t\t\t\t<\/div>\n\t\t\t\t<\/div>\n\t\t\t\t<\/div>\n\t\t<div class=\"elementor-element elementor-element-78819733 e-con-full e-flex e-con e-child\" data-id=\"78819733\" data-element_type=\"container\" data-e-type=\"container\">\n\t\t<div class=\"elementor-element elementor-element-1b65a949 e-con-full elementor-hidden-tablet elementor-hidden-mobile e-flex e-con e-child\" data-id=\"1b65a949\" data-element_type=\"container\" data-e-type=\"container\">\n\t\t\t\t<\/div>\n\t\t\t\t<\/div>\n\t\t\t\t\t<\/div>\n\t\t\t\t<\/div>\n\t\t<div class=\"elementor-element elementor-element-6eca17cb e-flex e-con-boxed e-con e-parent\" data-id=\"6eca17cb\" data-element_type=\"container\" data-e-type=\"container\">\n\t\t\t\t\t<div class=\"e-con-inner\">\n\t\t<div class=\"elementor-element elementor-element-f0a9b64 e-con-full e-flex e-con e-child\" data-id=\"f0a9b64\" data-element_type=\"container\" data-e-type=\"container\">\n\t\t\t\t<div class=\"elementor-element elementor-element-3ad498db elementor-widget elementor-widget-text-editor\" data-id=\"3ad498db\" data-element_type=\"widget\" data-e-type=\"widget\" data-widget_type=\"text-editor.default\">\n\t\t\t\t<div class=\"elementor-widget-container\">\n\t\t\t\t\t\t\t\t\t<h4>Chin Lipo<\/h4><p>The definition of the jawline plays a significant role in making the face look youthful and aesthetically pleasing. Fat accumulation in the chin area can cause this line to disappear, making the face appear rounder and more sagging. Chin liposuction procedures, performed to correct this condition, can be carried out alone or in conjunction with facelift or necklift surgeries.<\/p><p>In addition to classic liposuction, laser lipolysis is frequently preferred as a technological alternative in this area. Laser energy targets and melts fat cells, while simultaneously stimulating subcutaneous tissues to achieve a firmer and more toned appearance. This makes it possible to both get rid of excess fat and define a more defined jawline.<\/p>\t\t\t\t\t\t\t\t<\/div>\n\t\t\t\t<\/div>\n\t\t\t\t<\/div>\n\t\t<div class=\"elementor-element elementor-element-6c9cfef1 e-con-full e-flex e-con e-child\" data-id=\"6c9cfef1\" data-element_type=\"container\" data-e-type=\"container\">\n\t\t<div class=\"elementor-element elementor-element-7b13d42c e-con-full elementor-hidden-tablet elementor-hidden-mobile e-flex elementor-invisible e-con e-child\" data-id=\"7b13d42c\" data-element_type=\"container\" data-e-type=\"container\" data-settings=\"{&quot;background_background&quot;:&quot;classic&quot;,&quot;animation&quot;:&quot;fadeIn&quot;}\">\n\t\t\t\t<div class=\"elementor-element elementor-element-762fcd8 elementor-widget elementor-widget-heading\" data-id=\"762fcd8\" data-element_type=\"widget\" data-e-type=\"widget\" data-widget_type=\"heading.default\">\n\t\t\t\t<div class=\"elementor-widget-container\">\n\t\t\t\t\t<h4 class=\"elementor-heading-title elementor-size-default\">Book an Appointment<\/h4>\t\t\t\t<\/div>\n\t\t\t\t<\/div>\n\t\t\t\t<div class=\"elementor-element elementor-element-43d3b20b elementor-widget elementor-widget-text-editor\" data-id=\"43d3b20b\" data-element_type=\"widget\" data-e-type=\"widget\" data-widget_type=\"text-editor.default\">\n\t\t\t\t<div class=\"elementor-widget-container\">\n\t\t\t\t\t\t\t\t\t<p>You can easily contact us to schedule an appointment and receive a detailed assessment.<\/p>\t\t\t\t\t\t\t\t<\/div>\n\t\t\t\t<\/div>\n\t\t\t\t<div class=\"elementor-element elementor-element-2c1f8b6b elementor-align-center elementor-widget elementor-widget-button\" data-id=\"2c1f8b6b\" data-element_type=\"widget\" data-e-type=\"widget\" data-widget_type=\"button.default\">\n\t\t\t\t<div class=\"elementor-widget-container\">\n\t\t\t\t\t\t\t\t\t<div class=\"elementor-button-wrapper\">\n\t\t\t\t\t<a class=\"elementor-button elementor-button-link elementor-size-sm\" href=\"\/en\/iletisim\/\">\n\t\t\t\t\t\t<span class=\"elementor-button-content-wrapper\">\n\t\t\t\t\t\t\t\t\t<span class=\"elementor-button-text\">Contact us<\/span>\n\t\t\t\t\t<\/span>\n\t\t\t\t\t<\/a>\n\t\t\t\t<\/div>\n\t\t\t\t\t\t\t\t<\/div>\n\t\t\t\t<\/div>\n\t\t\t\t<\/div>\n\t\t\t\t<\/div>\n\t\t\t\t\t<\/div>\n\t\t\t\t<\/div>\n\t\t\t\t<\/div>","protected":false},"excerpt":{"rendered":"<p>G\u0131d\u0131 Lipo \u00c7ene hatt\u0131n\u0131n belirginli\u011fi, y\u00fcz profilinin gen\u00e7 ve estetik g\u00f6r\u00fcnmesinde b\u00fcy\u00fck rol oynar.\u00a0G\u0131d\u0131 b\u00f6lgesinde biriken ya\u011f dokular\u0131, bu hatt\u0131n kaybolmas\u0131na ve y\u00fcz\u00fcn daha yuvarlak, sark\u0131k g\u00f6r\u00fcnmesine neden olabilir. G\u0131d\u0131 Lipo \u00c7ene hatt\u0131n\u0131n belirginli\u011fi, y\u00fcz profilinin gen\u00e7 ve estetik g\u00f6r\u00fcnmesinde b\u00fcy\u00fck rol oynar.\u00a0G\u0131d\u0131 b\u00f6lgesinde biriken ya\u011f dokular\u0131, bu hatt\u0131n kaybolmas\u0131na ve y\u00fcz\u00fcn daha yuvarlak, sark\u0131k [&hellip;]<\/p>","protected":false},"author":1,"featured_media":0,"parent":0,"menu_order":0,"comment_status":"closed","ping_status":"closed","template":"","meta":{"footnotes":""},"class_list":["post-275","page","type-page","status-publish","hentry"],"_links":{"self":[{"href":"https:\/\/huseyinemreulukaya.com\/en\/wp-json\/wp\/v2\/pages\/275","targetHints":{"allow":["GET"]}}],"collection":[{"href":"https:\/\/huseyinemreulukaya.com\/en\/wp-json\/wp\/v2\/pages"}],"about":[{"href":"https:\/\/huseyinemreulukaya.com\/en\/wp-json\/wp\/v2\/types\/page"}],"author":[{"embeddable":true,"href":"https:\/\/huseyinemreulukaya.com\/en\/wp-json\/wp\/v2\/users\/1"}],"replies":[{"embeddable":true,"href":"https:\/\/huseyinemreulukaya.com\/en\/wp-json\/wp\/v2\/comments?post=275"}],"version-history":[{"count":10,"href":"https:\/\/huseyinemreulukaya.com\/en\/wp-json\/wp\/v2\/pages\/275\/revisions"}],"predecessor-version":[{"id":684,"href":"https:\/\/huseyinemreulukaya.com\/en\/wp-json\/wp\/v2\/pages\/275\/revisions\/684"}],"wp:attachment":[{"href":"https:\/\/huseyinemreulukaya.com\/en\/wp-json\/wp\/v2\/media?parent=275"}],"curies":[{"name":"wp","href":"https:\/\/api.w.org\/{rel}","templated":true}]}}