{"id":277,"date":"2025-06-27T18:22:30","date_gmt":"2025-06-27T18:22:30","guid":{"rendered":"https:\/\/huseyinemreulukaya.com\/?page_id=277"},"modified":"2025-10-21T21:16:48","modified_gmt":"2025-10-21T21:16:48","slug":"meme-diklestirme-ameliyati","status":"publish","type":"page","link":"https:\/\/huseyinemreulukaya.com\/en\/meme-diklestirme-ameliyati\/","title":{"rendered":"Breast Lift Surgery"},"content":{"rendered":"<div data-elementor-type=\"wp-page\" data-elementor-id=\"277\" class=\"elementor elementor-277\">\n\t\t\t\t<div class=\"elementor-element elementor-element-1e8bcc6f e-flex e-con-boxed e-con e-parent\" data-id=\"1e8bcc6f\" data-element_type=\"container\" data-e-type=\"container\" data-settings=\"{&quot;background_background&quot;:&quot;classic&quot;}\">\n\t\t\t\t\t<div class=\"e-con-inner\">\n\t\t<div class=\"elementor-element elementor-element-e6ed6e8 e-con-full e-flex e-con e-child\" data-id=\"e6ed6e8\" data-element_type=\"container\" data-e-type=\"container\">\n\t\t\t\t<div class=\"elementor-element elementor-element-5167c1b3 elementor-invisible elementor-widget elementor-widget-heading\" data-id=\"5167c1b3\" data-element_type=\"widget\" data-e-type=\"widget\" data-settings=\"{&quot;_animation&quot;:&quot;fadeInUp&quot;,&quot;_animation_mobile&quot;:&quot;none&quot;}\" data-widget_type=\"heading.default\">\n\t\t\t\t<div class=\"elementor-widget-container\">\n\t\t\t\t\t<h1 class=\"elementor-heading-title elementor-size-default\">Breast Lift Surgery\n\n\u00a0<\/h1>\t\t\t\t<\/div>\n\t\t\t\t<\/div>\n\t\t\t\t<div class=\"elementor-element elementor-element-8518986 elementor-invisible elementor-widget elementor-widget-text-editor\" data-id=\"8518986\" data-element_type=\"widget\" data-e-type=\"widget\" data-settings=\"{&quot;_animation&quot;:&quot;fadeInUp&quot;}\" data-widget_type=\"text-editor.default\">\n\t\t\t\t<div class=\"elementor-widget-container\">\n\t\t\t\t\t\t\t\t\t<p>An aesthetic and functional solution for a look that defies time.<\/p>\t\t\t\t\t\t\t\t<\/div>\n\t\t\t\t<\/div>\n\t\t\t\t<\/div>\n\t\t<div class=\"elementor-element elementor-element-78819733 e-con-full e-flex e-con e-child\" data-id=\"78819733\" data-element_type=\"container\" data-e-type=\"container\">\n\t\t<div class=\"elementor-element elementor-element-1b65a949 e-con-full elementor-hidden-tablet elementor-hidden-mobile e-flex e-con e-child\" data-id=\"1b65a949\" data-element_type=\"container\" data-e-type=\"container\">\n\t\t\t\t<\/div>\n\t\t\t\t<\/div>\n\t\t\t\t\t<\/div>\n\t\t\t\t<\/div>\n\t\t<div class=\"elementor-element elementor-element-6eca17cb e-flex e-con-boxed e-con e-parent\" data-id=\"6eca17cb\" data-element_type=\"container\" data-e-type=\"container\">\n\t\t\t\t\t<div class=\"e-con-inner\">\n\t\t<div class=\"elementor-element elementor-element-f0a9b64 e-con-full e-flex e-con e-child\" data-id=\"f0a9b64\" data-element_type=\"container\" data-e-type=\"container\">\n\t\t\t\t<div class=\"elementor-element elementor-element-3ad498db elementor-widget elementor-widget-text-editor\" data-id=\"3ad498db\" data-element_type=\"widget\" data-e-type=\"widget\" data-widget_type=\"text-editor.default\">\n\t\t\t\t<div class=\"elementor-widget-container\">\n\t\t\t\t\t\t\t\t\t<h4><strong>Breast Lift Surgery<\/strong><\/h4><p>An aesthetic and functional solution for a look that defies time.<\/p><p>Over time, sagging breasts can occur due to aging, pregnancy, breastfeeding, excessive weight loss, or genetic factors. Breast lift surgery (mastopexy) is a surgical procedure that aims to give breasts a younger, firmer, and more aesthetically pleasing shape by tightening sagging breast tissue.<\/p><p>During this procedure, excess skin is removed, breast tissue is reshaped, and the nipple is repositioned if necessary. In some cases, the area around the nipple (areola) is also reduced to achieve a symmetrical and balanced appearance. The surgery can be performed solely for lifting purposes, or it can be combined with breast augmentation if there is also volume loss, depending on the patient's needs.<\/p><p>The procedure, performed under general anesthesia, takes an average of 2 to 4 hours. Mild pain, swelling, and bruising may occur in the first few days after the operation. Patients are generally advised to wear a special medical bra for a few weeks and avoid strenuous physical activity. While the healing process varies from person to person, it may take several months for the full results to be seen.<\/p>\t\t\t\t\t\t\t\t<\/div>\n\t\t\t\t<\/div>\n\t\t\t\t<\/div>\n\t\t<div class=\"elementor-element elementor-element-6c9cfef1 e-con-full e-flex e-con e-child\" data-id=\"6c9cfef1\" data-element_type=\"container\" data-e-type=\"container\">\n\t\t<div class=\"elementor-element elementor-element-7b13d42c e-con-full elementor-hidden-tablet elementor-hidden-mobile e-flex elementor-invisible e-con e-child\" data-id=\"7b13d42c\" data-element_type=\"container\" data-e-type=\"container\" data-settings=\"{&quot;background_background&quot;:&quot;classic&quot;,&quot;animation&quot;:&quot;fadeIn&quot;}\">\n\t\t\t\t<div class=\"elementor-element elementor-element-762fcd8 elementor-widget elementor-widget-heading\" data-id=\"762fcd8\" data-element_type=\"widget\" data-e-type=\"widget\" data-widget_type=\"heading.default\">\n\t\t\t\t<div class=\"elementor-widget-container\">\n\t\t\t\t\t<h4 class=\"elementor-heading-title elementor-size-default\">Book an Appointment<\/h4>\t\t\t\t<\/div>\n\t\t\t\t<\/div>\n\t\t\t\t<div class=\"elementor-element elementor-element-43d3b20b elementor-widget elementor-widget-text-editor\" data-id=\"43d3b20b\" data-element_type=\"widget\" data-e-type=\"widget\" data-widget_type=\"text-editor.default\">\n\t\t\t\t<div class=\"elementor-widget-container\">\n\t\t\t\t\t\t\t\t\t<p>You can easily contact us to schedule an appointment and receive a detailed assessment.<\/p>\t\t\t\t\t\t\t\t<\/div>\n\t\t\t\t<\/div>\n\t\t\t\t<div class=\"elementor-element elementor-element-2c1f8b6b elementor-align-center elementor-widget elementor-widget-button\" data-id=\"2c1f8b6b\" data-element_type=\"widget\" data-e-type=\"widget\" data-widget_type=\"button.default\">\n\t\t\t\t<div class=\"elementor-widget-container\">\n\t\t\t\t\t\t\t\t\t<div class=\"elementor-button-wrapper\">\n\t\t\t\t\t<a class=\"elementor-button elementor-button-link elementor-size-sm\" href=\"\/en\/iletisim\/\">\n\t\t\t\t\t\t<span class=\"elementor-button-content-wrapper\">\n\t\t\t\t\t\t\t\t\t<span class=\"elementor-button-text\">Contact us<\/span>\n\t\t\t\t\t<\/span>\n\t\t\t\t\t<\/a>\n\t\t\t\t<\/div>\n\t\t\t\t\t\t\t\t<\/div>\n\t\t\t\t<\/div>\n\t\t\t\t<\/div>\n\t\t\t\t<\/div>\n\t\t\t\t\t<\/div>\n\t\t\t\t<\/div>\n\t\t\t\t<\/div>","protected":false},"excerpt":{"rendered":"<p>Meme Dikle\u015ftirme Ameliyat\u0131 \u00a0 Zamana meydan okuyan bir g\u00f6r\u00fcn\u00fcm i\u00e7in estetik ve fonksiyonel \u00e7\u00f6z\u00fcm Meme Dikle\u015ftirme Ameliyat\u0131 Zamana meydan okuyan bir g\u00f6r\u00fcn\u00fcm i\u00e7in estetik ve fonksiyonel \u00e7\u00f6z\u00fcm Zamanla ya\u015flanma, gebelik, emzirme, a\u015f\u0131r\u0131 kilo kayb\u0131 ya da genetik fakt\u00f6rler nedeniyle memelerde sarkma meydana gelebilir.\u00a0Meme dikle\u015ftirme ameliyat\u0131 (mastopeksi), sarkm\u0131\u015f meme dokusunu toparlayarak memelere daha gen\u00e7, dik ve [&hellip;]<\/p>","protected":false},"author":1,"featured_media":0,"parent":0,"menu_order":0,"comment_status":"closed","ping_status":"closed","template":"","meta":{"footnotes":""},"class_list":["post-277","page","type-page","status-publish","hentry"],"_links":{"self":[{"href":"https:\/\/huseyinemreulukaya.com\/en\/wp-json\/wp\/v2\/pages\/277","targetHints":{"allow":["GET"]}}],"collection":[{"href":"https:\/\/huseyinemreulukaya.com\/en\/wp-json\/wp\/v2\/pages"}],"about":[{"href":"https:\/\/huseyinemreulukaya.com\/en\/wp-json\/wp\/v2\/types\/page"}],"author":[{"embeddable":true,"href":"https:\/\/huseyinemreulukaya.com\/en\/wp-json\/wp\/v2\/users\/1"}],"replies":[{"embeddable":true,"href":"https:\/\/huseyinemreulukaya.com\/en\/wp-json\/wp\/v2\/comments?post=277"}],"version-history":[{"count":10,"href":"https:\/\/huseyinemreulukaya.com\/en\/wp-json\/wp\/v2\/pages\/277\/revisions"}],"predecessor-version":[{"id":675,"href":"https:\/\/huseyinemreulukaya.com\/en\/wp-json\/wp\/v2\/pages\/277\/revisions\/675"}],"wp:attachment":[{"href":"https:\/\/huseyinemreulukaya.com\/en\/wp-json\/wp\/v2\/media?parent=277"}],"curies":[{"name":"wp","href":"https:\/\/api.w.org\/{rel}","templated":true}]}}