{"id":77,"date":"2025-06-23T21:42:35","date_gmt":"2025-06-23T21:42:35","guid":{"rendered":"https:\/\/huseyinemreulukaya.com\/?page_id=77"},"modified":"2025-12-17T11:33:38","modified_gmt":"2025-12-17T11:33:38","slug":"op-dr-huseyin-emre-ulukaya","status":"publish","type":"page","link":"https:\/\/huseyinemreulukaya.com\/en\/op-dr-huseyin-emre-ulukaya\/","title":{"rendered":"Op.Dr.H\u00fcseyin Emre Ulukaya"},"content":{"rendered":"<div data-elementor-type=\"wp-page\" data-elementor-id=\"77\" class=\"elementor elementor-77\">\n\t\t\t\t<div class=\"elementor-element elementor-element-1a705634 e-flex e-con-boxed e-con e-parent\" data-id=\"1a705634\" data-element_type=\"container\" data-e-type=\"container\">\n\t\t\t\t\t<div class=\"e-con-inner\">\n\t\t<div class=\"elementor-element elementor-element-6060cb02 e-con-full e-flex e-con e-child\" data-id=\"6060cb02\" data-element_type=\"container\" data-e-type=\"container\">\n\t\t\t\t<div class=\"elementor-element elementor-element-7b2393e7 elementor-invisible elementor-widget elementor-widget-heading\" data-id=\"7b2393e7\" data-element_type=\"widget\" data-e-type=\"widget\" data-settings=\"{&quot;_animation&quot;:&quot;fadeInUp&quot;,&quot;_animation_mobile&quot;:&quot;none&quot;}\" data-widget_type=\"heading.default\">\n\t\t\t\t<div class=\"elementor-widget-container\">\n\t\t\t\t\t<h1 class=\"elementor-heading-title elementor-size-default\">About Op.Dr. H\u00fcseyin Emre Ulukaya\n<\/h1>\t\t\t\t<\/div>\n\t\t\t\t<\/div>\n\t\t\t\t<\/div>\n\t\t\t\t\t<\/div>\n\t\t\t\t<\/div>\n\t\t<div class=\"elementor-element elementor-element-5cce1fed e-flex e-con-boxed e-con e-parent\" data-id=\"5cce1fed\" data-element_type=\"container\" data-e-type=\"container\">\n\t\t\t\t\t<div class=\"e-con-inner\">\n\t\t<div class=\"elementor-element elementor-element-622693e3 e-con-full e-flex e-con e-child\" data-id=\"622693e3\" data-element_type=\"container\" data-e-type=\"container\">\n\t\t<div class=\"elementor-element elementor-element-70051222 e-con-full e-flex e-con e-child\" data-id=\"70051222\" data-element_type=\"container\" data-e-type=\"container\">\n\t\t\t\t<div class=\"elementor-element elementor-element-4d0592a1 elementor-widget elementor-widget-image\" data-id=\"4d0592a1\" data-element_type=\"widget\" data-e-type=\"widget\" data-widget_type=\"image.default\">\n\t\t\t\t<div class=\"elementor-widget-container\">\n\t\t\t\t\t\t\t\t\t\t\t\t\t\t\t<img fetchpriority=\"high\" decoding=\"async\" width=\"768\" height=\"1152\" src=\"https:\/\/huseyinemreulukaya.com\/wp-content\/uploads\/2025\/12\/huseyinemreulukaya-rotated.jpg\" class=\"attachment-full size-full wp-image-761\" alt=\"\" srcset=\"https:\/\/huseyinemreulukaya.com\/wp-content\/uploads\/2025\/12\/huseyinemreulukaya-rotated.jpg 768w, https:\/\/huseyinemreulukaya.com\/wp-content\/uploads\/2025\/12\/huseyinemreulukaya-200x300.jpg 200w, https:\/\/huseyinemreulukaya.com\/wp-content\/uploads\/2025\/12\/huseyinemreulukaya-683x1024.jpg 683w\" sizes=\"(max-width: 768px) 100vw, 768px\" \/>\t\t\t\t\t\t\t\t\t\t\t\t\t\t\t<\/div>\n\t\t\t\t<\/div>\n\t\t\t\t<\/div>\n\t\t<div class=\"elementor-element elementor-element-2574dc1 e-con-full e-flex e-con e-child\" data-id=\"2574dc1\" data-element_type=\"container\" data-e-type=\"container\">\n\t\t\t\t<div class=\"elementor-element elementor-element-2c93df93 elementor-widget elementor-widget-text-editor\" data-id=\"2c93df93\" data-element_type=\"widget\" data-e-type=\"widget\" data-widget_type=\"text-editor.default\">\n\t\t\t\t<div class=\"elementor-widget-container\">\n\t\t\t\t\t\t\t\t\t<p><strong>Op. Dr. H\u00fcseyin Emre Ulukaya<\/strong>After graduating from Tokat National Lottery \u0130hya Balak Science High School, he completed his medical education at Ege University Faculty of Medicine. He continued his specialization training as a Research Assistant in the Department of Plastic, Reconstructive and Aesthetic Surgery at Dokuz Eyl\u00fcl University Faculty of Medicine and received the title of Specialist in Plastic, Reconstructive and Aesthetic Surgery.&nbsp;<\/p><p>After working for a long time at Istanbul \u015ei\u015fli Hamidiye Etfal Training and Research Hospital, he continues his professional work in his own private practice.<\/p>\t\t\t\t\t\t\t\t<\/div>\n\t\t\t\t<\/div>\n\t\t\t\t<div class=\"elementor-element elementor-element-fac1167 elementor-widget elementor-widget-heading\" data-id=\"fac1167\" data-element_type=\"widget\" data-e-type=\"widget\" data-widget_type=\"heading.default\">\n\t\t\t\t<div class=\"elementor-widget-container\">\n\t\t\t\t\t<h3 class=\"elementor-heading-title elementor-size-default\">Certificates, Courses and Trainings<\/h3>\t\t\t\t<\/div>\n\t\t\t\t<\/div>\n\t\t\t\t<div class=\"elementor-element elementor-element-3f55f3c elementor-widget elementor-widget-text-editor\" data-id=\"3f55f3c\" data-element_type=\"widget\" data-e-type=\"widget\" data-widget_type=\"text-editor.default\">\n\t\t\t\t<div class=\"elementor-widget-container\">\n\t\t\t\t\t\t\t\t\t<p>\u00a0<strong>29th European Course in Plastic Surgery<\/strong>, European Society of Plastic, Reconstructive and Aesthetic Surgery, 2022<\/p><p><strong>Fresh Cadaver Dissection Course<\/strong>Turkish Society of Plastic, Reconstructive and Aesthetic Surgery, 2022<\/p><p><strong>TPRECD XVI. Rhinoplasty &amp; IX. Facial Aesthetics Course<\/strong>Turkish Society of Plastic, Reconstructive and Aesthetic Surgery, 2022<\/p><p><strong>Basic Breast Diseases and Breast Surgery Course<\/strong>Turkish Society of Plastic, Reconstructive and Aesthetic Surgery, 2022<\/p><p><strong>Basic Microsurgery Course<\/strong>Turkish Society of Reconstructive Microsurgery, 2019<\/p><p><strong>TPRECD XI. Rhinoplasty and IV. Facial Aesthetics Course<\/strong>Turkish Society of Plastic, Reconstructive and Aesthetic Surgery, 2018<strong>Plastic Surgery Resident Basic Training School<\/strong>Turkish Society of Plastic, Reconstructive and Aesthetic Surgery, 2018<\/p>\t\t\t\t\t\t\t\t<\/div>\n\t\t\t\t<\/div>\n\t\t\t\t<\/div>\n\t\t\t\t<\/div>\n\t\t\t\t\t<\/div>\n\t\t\t\t<\/div>\n\t\t<div class=\"elementor-element elementor-element-ce407fb e-flex e-con-boxed e-con e-parent\" data-id=\"ce407fb\" data-element_type=\"container\" data-e-type=\"container\">\n\t\t\t\t\t<div class=\"e-con-inner\">\n\t\t\t\t<div class=\"elementor-element elementor-element-2373f8a elementor-widget elementor-widget-heading\" data-id=\"2373f8a\" data-element_type=\"widget\" data-e-type=\"widget\" data-widget_type=\"heading.default\">\n\t\t\t\t<div class=\"elementor-widget-container\">\n\t\t\t\t\t<h3 class=\"elementor-heading-title elementor-size-default\">Papers Presented at Scientific Events<\/h3>\t\t\t\t<\/div>\n\t\t\t\t<\/div>\n\t\t\t\t\t<\/div>\n\t\t\t\t<\/div>\n\t\t<div class=\"elementor-element elementor-element-04785a1 e-flex e-con-boxed e-con e-parent\" data-id=\"04785a1\" data-element_type=\"container\" data-e-type=\"container\">\n\t\t\t\t\t<div class=\"e-con-inner\">\n\t\t<div class=\"elementor-element elementor-element-a53617d e-con-full e-flex e-con e-child\" data-id=\"a53617d\" data-element_type=\"container\" data-e-type=\"container\">\n\t\t\t\t<div class=\"elementor-element elementor-element-1a4b78d elementor-widget elementor-widget-text-editor\" data-id=\"1a4b78d\" data-element_type=\"widget\" data-e-type=\"widget\" data-widget_type=\"text-editor.default\">\n\t\t\t\t<div class=\"elementor-widget-container\">\n\t\t\t\t\t\t\t\t\t<p><strong>Ulukaya HE, G\u00fcng\u00f6rmez E, \u00c7erikan MD, \u00d6zt\u00fcrk S, \u00c7aml\u0131 MF, Sevim KZ<\/strong>, \u201cFunctional Breast Reconstruction in Supernumerary and Ectopic Breast Tissue in Poland\u2019s Syndrome\u201d, <em>International 3rd \u0130zmir Microsurgery Congress<\/em>Izmir, T\u00fcrkiye, September 27-29, 2024 (Poster presentation, peer-reviewed organization)<\/p><p><strong>Ulukaya HE, \u00d6zt\u00fcrk S, Ta\u015fan A, \u00c7aml\u0131 MF, G\u00fcng\u00f6rmez E, Sevim KZ<\/strong>, \u201cAmputation Versus Reconstruction for a Patient with Rothmund Thompson Syndrome\u201d, <em>International 3rd \u0130zmir Microsurgery Congress<\/em>Izmir, T\u00fcrkiye, September 27-29, 2024 (Poster presentation, peer-reviewed organization)<\/p><p><strong>Sevim KZ, \u00d6zt\u00fcrk S, Demir IA, Dilek \u00d6F, Ulukaya HE, Akp\u0131nar \u0130<\/strong>, \u201cAutoaugmentation with Lateral Thoracic Artery Perforator-Based Spiral Flap in Postbariatric Patients\u201d, <em>12th European Association of Plastic Surgeons (EURAPS) Congress<\/em>Athens, Greece, 29 May\u20131 June 2024, Paper No: 304 (Oral presentation, peer-reviewed organization)<\/p><p><strong>Dilek \u00d6F, Ulukaya HE, Mahmuto\u011flu S, G\u00fc\u00e7l\u00fc B, Arkan B, G\u00fcng\u00f6rmez E, Alva\u00e7 MD<\/strong>, \u201cFleur De Lys Experiences After Bariatric Surgery\u201d, <em>Body Contouring Congress<\/em>Istanbul, T\u00fcrkiye, May 4-5, 2024, p. 4 (Poster presentation, peer-reviewed organization)<\/p><p><strong>\u00c7e\u015ftepe F, \u00d6zt\u00fcrk S, Arkan B, Sevim KZ, Ulukaya HE<\/strong>, \u201cHand Tumors in Single Center Experience\u201d, <em>12th Balkan Association of Plastic Reconstructive and Aesthetic Surgery Congress<\/em>Konya, T\u00fcrkiye, September 13-16, 2023, p. 177 (Poster presentation, peer-reviewed organization)<\/p><p><strong>Mahmuto\u011flu S, G\u00fc\u00e7l\u00fc B, \u00c7erikan MD, Sevim KZ, Ulukaya HE<\/strong>, \u201cReconstruction Procedures in Oncoplastic Surgery: Using Thoracodorsal Artery Perforator Flap and Latissimus Dorsi Myocutaneous Flap\u201d, <em>12th Balkan Association of Plastic Reconstructive and Aesthetic Surgery Congress<\/em>Konya, T\u00fcrkiye, September 13-16, 2023, p. 60 (Oral presentation, peer-reviewed organization)<\/p><p><strong>Demirdover C, Cagli HB, Ulukaya HE, Ozger M, Atalmis SE, Atesshahin FB<\/strong>, \u201cChange of the Eyebrow Position After Upper Blepharoplasty With or Without Internal Browpexy\u201d, <em>15th European Society of Plastic, Reconstructive and Aesthetic Surgery (ESPRAS) Quadrennial Congress<\/em>Porto, Portugal, 5-7 October 2022 (Poster presentation, peer-reviewed organization)<\/p><p><strong>Demird\u00f6ver C, Babahan T, Ulukaya HE, \u00d6zger M, \u00c7a\u011fl\u0131 HB, Terzi M<\/strong>, \u201cWhy Should We Not Be Afraid of Subciliary Incisions in Maxillofacial Traumas?\u201d, <em>15th ESPRAS Quadrennial Congress<\/em>Porto, Portugal, 5-7 October 2022 (Poster presentation, peer-reviewed organization)<\/p><p><strong>Demird\u00f6ver C, Babahan T, Ulukaya HE, \u00d6zger M, \u00c7a\u011fl\u0131 HB, Terzi M<\/strong>, \u201cSchwannoma in the Arm: Case Report\u201d, <em>15th ESPRAS Quadrennial Congress<\/em>, Porto, Portekiz, 5-7 Ekim 2022 (Olgu sunumu, hakemli organizasyon)<\/p><p><strong>Demird\u00f6ver C, Babahan T, Ulukaya HE, \u00d6zger M, \u00c7a\u011fl\u0131 HB, Terzi M<\/strong>, \u201cOur Holistic Approach in Poland Syndrome\u201d, <em>15th ESPRAS Quadrennial Congress<\/em>, Porto, Portekiz, 5-7 Ekim 2022 (S\u00f6zl\u00fc bildiri, hakemli organizasyon)<\/p><p><strong>Ulukaya HE, \u00d6zt\u00fcrk S, \u00c7erikan MD, Mahmuto\u011flu S, Sevim KZ<\/strong>, \u201cNekrotizan Fasiit Tan\u0131l\u0131 Hastalarda Tedavi Etkenleri ve Rekonstr\u00fcktif S\u00fcre\u00e7 Y\u00f6netimi\u201d, T\u00fcrk Plastik Rekonstr\u00fcktif ve Estetik Cerrahi Derne\u011fi 46. Ulusal Kurultay\u0131, Antalya, 23-27 Ekim 2024, ss.182-183 (Poster bildiri, hakemli organizasyon)<\/p><p><strong>\u00c7e\u015ftepe F, Seven M, Temir E, Dilek \u00d6F, Ulukaya HE, U\u011furlu K<\/strong>, \u201cTrapez Flebi ile Rekonstr\u00fcksiyon Deneyimlerimiz\u201d, T\u00fcrk Plastik Rekonstr\u00fcktif ve Estetik Cerrahi Derne\u011fi 46. Ulusal Kurultay\u0131, Antalya, 23-27 Ekim 2024, ss.198-199 (Poster bildiri, hakemli organizasyon)<\/p><p><strong>Demird\u00f6ver C, \u00c7a\u011fl\u0131 HB, Y\u0131lmaz M, \u00c7akmak S, Ulukaya HE, Atalm\u0131\u015f SE<\/strong>, \u201cPreaurik\u00fcler Retroparotid Yakla\u015f\u0131mla A\u00e7\u0131k Red\u00fcksiyon \u0130nternal Fiksasyon ile Tedavi Edilen Kondil K\u0131r\u0131klar\u0131n\u0131n \u0130ncelenmesi\u201d, T\u00fcrk Plastik Rekonstr\u00fcktif ve Estetik Cerrahi Derne\u011fi 42. Ulusal Kurultay\u0131, T\u00fcrkiye, 22-25 Ekim 2020, s.37 (Poster bildiri, hakemli organizasyon)<\/p><p><strong>Geyik A, Demird\u00f6ver C, G\u00fcler S, Ulukaya HE, Y\u0131lmaz M<\/strong>, \u201cBir veya Birden Fazla K\u00f6t\u00fc Prognoz Kriteri \u0130\u00e7eren SCC Hastalar\u0131nda Sentinel Lenf Nodu Pozitifli\u011fi\u201d, T\u00fcrk Plastik Rekonstr\u00fcktif ve Estetik Cerrahi Derne\u011fi 41. Ulusal Kurultay\u0131, Samsun, 26-30 Ekim 2019, ss.26-27 (Poster bildiri, hakemli organizasyon)<\/p><p><strong>Barut\u00e7u A, Ulukaya HE<\/strong>, \u201cAchromobacter ile Enfekte Ven\u00f6z \u00dclserin Antibiyotikli PRF ile Tedavisi\u201d, 12. Ulusal Yara Kongresi, Antalya, 14 Aral\u0131k 2017, s.91 (Poster bildiri, hakemli organizasyon)<\/p>\t\t\t\t\t\t\t\t<\/div>\n\t\t\t\t<\/div>\n\t\t\t\t<\/div>\n\t\t<div class=\"elementor-element elementor-element-694b339 e-con-full e-flex e-con e-child\" data-id=\"694b339\" data-element_type=\"container\" data-e-type=\"container\">\n\t\t\t\t<div class=\"elementor-element elementor-element-6c0b5bd elementor-widget elementor-widget-text-editor\" data-id=\"6c0b5bd\" data-element_type=\"widget\" data-e-type=\"widget\" data-widget_type=\"text-editor.default\">\n\t\t\t\t<div class=\"elementor-widget-container\">\n\t\t\t\t\t\t\t\t\t<p><strong>Akp\u0131nar \u0130, Seven M, Galyan S, Bulat A, Ekincikli BT, Tem\u00fcr E, Ulukaya HE, Sevim KZ, \u015eirvan SS<\/strong>, \u201cAksiller B\u00f6lge Rekonstr\u00fcksiyonunda Posterior Arm Perforat\u00f6r Flep Deneyimlerimiz\u201d, 10. Ulusal Rekonstr\u00fcktif Mikrocerrahi Kongresi &amp; 3. Ulusal Acil El Cerrahisi ve Mikrocerrahi Kongresi, Antalya, 15-18 May\u0131s 2024, s.74 (S\u00f6zl\u00fc bildiri, hakemli organizasyon)<\/p><p><strong>Sevim KZ, \u00d6zt\u00fcrk S, Ulukaya HE, Ta\u015fan A, \u00c7itgez B, \u00d6z\u015fahin H<\/strong>, \u201cE\u015f Zamanl\u0131 Meme Rekonstr\u00fcksiyonu Olgusunda Metilen Mavisi Enjeksiyonuna Ba\u011fl\u0131 Geli\u015fen Nekroz\u201d, 16. Meme Kanserinde Yeni Yakla\u015f\u0131mlar Kongresi, \u0130stanbul, 13-14 Ocak 2024 (Poster bildiri, hakemli organizasyon)<\/p><p><strong>Ulukaya HE, Arkan B, Ta\u015fan A, Bulat A, Sevim KZ<\/strong>, \u201cDupuytren Hastal\u0131\u011f\u0131n\u0131n Cerrahi Tedavisinde \u0130nsizyon Se\u00e7enekleri\u201d, T\u00fcrk Plastik Rekonstr\u00fcktif ve Estetik Cerrahi Derne\u011fi 45. Ulusal Kurultay\u0131, Antalya, 28 Ekim-1 Kas\u0131m 2023, s.86 (Poster bildiri, hakemli organizasyon)<\/p><p><strong>Dilek \u00d6F, Ulukaya HE, Mahmuto\u011flu S, G\u00fc\u00e7l\u00fc B, G\u00fcng\u00f6rmez E, Alva\u00e7 MD<\/strong>, \u201cObezite Cerrahisi Sonras\u0131 Fleur De Lys Deneyimleri\u201d, T\u00fcrk Plastik Rekonstr\u00fcktif ve Estetik Cerrahi Derne\u011fi 45. Ulusal Kurultay\u0131, Antalya, 28 Ekim-1 Kas\u0131m 2023, s.125 (Poster bildiri, hakemli organizasyon)<\/p><p><strong>\u00c7a\u011fl\u0131 HB, Ulukaya HE, \u00d6zger M, Eren \u00d6, Menderes A<\/strong>\u201cOur Experiences with Upper Blepharoplasty and Internal Brow Lift\u201d, 44th National Congress of the Turkish Society of Plastic, Reconstructive and Aesthetic Surgery, Antalya, November 3-6, 2022, p. 156 (Oral presentation, peer-reviewed organization)<\/p><p><strong>Atalm\u0131\u015f SE, Ulukaya HE, Terzi M, Babahan T, Demird\u00f6ver C<\/strong>\u201cLayered Repair in Sacral Region Reconstruction: Bipedicled Bilaminar Gluteal Flap\u201d, 44th National Congress of the Turkish Society of Plastic, Reconstructive and Aesthetic Surgery, Antalya, November 2-6, 2022, p. 86 (Oral presentation, peer-reviewed organization)<\/p><p><strong>Babahan T, Ulukaya HE, \u00d6zger M, \u00c7a\u011fl\u0131 HB, Demird\u00f6ver C<\/strong>\u201cHow to Reduce Complications of Subciliary Incisions in Maxillofacial Trauma?\u201d, 44th National Congress of the Turkish Society of Plastic, Reconstructive and Aesthetic Surgery, Antalya, November 2-6, 2022, p. 167 (Poster presentation, peer-reviewed organization)<\/p><p><strong>Eren \u00d6, Ulukaya HE, \u00d6zger M, Atalm\u0131\u015f SE, Demird\u00f6ver C<\/strong>\u201cUsing Chelsea Scoring in Evaluating Bone Graft Viability in Alveolar Cleft Repair\u201d, 44th National Congress of the Turkish Society of Plastic, Reconstructive and Aesthetic Surgery, Antalya, 2-6 November 2022, pp.136-137 (Poster presentation, peer-reviewed organization)<\/p><p><strong>Atalm\u0131\u015f SE, Ulukaya HE, Babahan T, \u00d6zdemir A, Vayvada H<\/strong>\u201cThe Effect of Axillary Lymph Node Excisions on the Development of Complications After Subcutaneous Mastectomy\u201d, 44th National Congress of the Turkish Society of Plastic, Reconstructive and Aesthetic Surgery, Antalya, November 2-6, 2022, pp. 173-174 (Poster presentation, peer-reviewed organization)<\/p><p><strong>Ulukaya HE, Menderes A, Lebe B, Y\u0131lmaz M, Demird\u00f6ver C<\/strong>\u201cDemonstration and Comparison of the Combined Efficacy of Hyaluronidase and Sildenafil Citrate in the Treatment of Ischemia Associated with Hyaluronic Acid Fillers in Rabbit Ear Models\u201d, 44th National Congress of the Turkish Society of Plastic, Reconstructive and Aesthetic Surgery, Antalya, November 2-6, 2022, pp. 18-19 (Experimental study poster, peer-reviewed organization)<\/p><p><strong>\u00c7a\u011fl\u0131 HB, \u00c7akmak S, Ulukaya HE, Terzi M, Babahan T, Demird\u00f6ver C<\/strong>\u201cEvaluation of Tumor and Lymph Node Pathologies in Patients with Malignant Melanoma with Lymphatic Spread\u201d, 43rd National Congress of the Turkish Society of Plastic, Reconstructive and Aesthetic Surgery, Antalya, November 10-14, 2021, p. 152 (Oral presentation, peer-reviewed organization)<\/p><p><strong>Terzi M, \u00c7akmak S, Ulukaya HE, \u00c7a\u011fl\u0131 HB, Vayvada H, Y\u0131lmaz M<\/strong>\u201cPyoderma Gangrenosum Developing After Breast Reconstruction with TRAM Flap: Case Report\u201d, 43rd National Congress of the Turkish Society of Plastic, Reconstructive and Aesthetic Surgery, Antalya, November 10-14, 2021, p. 69 (Poster presentation, peer-reviewed organization)<\/p><p><strong>Terzi M, Ulukaya HE, \u00d6zger M, Ate\u015f\u015fahin FB, Menderes A, Y\u0131lmaz M<\/strong>\u201cComplications in Augmentation Mammoplasty\u201d, 43rd National Congress of the Turkish Society of Plastic, Reconstructive and Aesthetic Surgery, Antalya, November 10-14, 2021, pp. 105-106 (Poster presentation, peer-reviewed organization)<\/p><p><strong>Ulukaya HE, Demirdover C, Menderes A, Cakmak S, Cagli HB, Atalmis SE<\/strong>\u201cOur Clinical Experiences in Patients Diagnosed with Primary Cutaneous Leiomyosarcoma\u201d, 42nd National Congress of the Turkish Society of Plastic, Reconstructive and Aesthetic Surgery, Turkey, October 22-25, 2020, pp. 35-36 (Poster presentation, peer-reviewed organization)<\/p><p><strong>\u00a0<\/strong><\/p><p>\u00a0<\/p>\t\t\t\t\t\t\t\t<\/div>\n\t\t\t\t<\/div>\n\t\t\t\t<\/div>\n\t\t\t\t\t<\/div>\n\t\t\t\t<\/div>\n\t\t\t\t<\/div>","protected":false},"excerpt":{"rendered":"<p>Op.Dr. H\u00fcseyin Emre Ulukaya Hakk\u0131nda Op. Dr. H\u00fcseyin Emre Ulukaya, Tokat Milli Piyango \u0130hya Balak Fen Lisesi\u2019nden mezun olduktan sonra, Ege \u00dcniversitesi T\u0131p Fak\u00fcltesi\u2019nde t\u0131p e\u011fitimini tamamlam\u0131\u015ft\u0131r.&nbsp; Uzmanl\u0131k e\u011fitimini ise Dokuz Eyl\u00fcl \u00dcniversitesi T\u0131p Fak\u00fcltesi Plastik, Rekonstr\u00fcktif ve Estetik Cerrahi Anabilim Dal\u0131\u2019nda Ara\u015ft\u0131rma G\u00f6revlisi olarak s\u00fcrd\u00fcrm\u00fc\u015f ve Plastik Rekonstr\u00fcktif ve Estetik Cerrahi Uzman\u0131 unvan\u0131n\u0131 alm\u0131\u015ft\u0131r.&nbsp; [&hellip;]<\/p>","protected":false},"author":1,"featured_media":0,"parent":0,"menu_order":0,"comment_status":"closed","ping_status":"closed","template":"","meta":{"footnotes":""},"class_list":["post-77","page","type-page","status-publish","hentry"],"_links":{"self":[{"href":"https:\/\/huseyinemreulukaya.com\/en\/wp-json\/wp\/v2\/pages\/77","targetHints":{"allow":["GET"]}}],"collection":[{"href":"https:\/\/huseyinemreulukaya.com\/en\/wp-json\/wp\/v2\/pages"}],"about":[{"href":"https:\/\/huseyinemreulukaya.com\/en\/wp-json\/wp\/v2\/types\/page"}],"author":[{"embeddable":true,"href":"https:\/\/huseyinemreulukaya.com\/en\/wp-json\/wp\/v2\/users\/1"}],"replies":[{"embeddable":true,"href":"https:\/\/huseyinemreulukaya.com\/en\/wp-json\/wp\/v2\/comments?post=77"}],"version-history":[{"count":40,"href":"https:\/\/huseyinemreulukaya.com\/en\/wp-json\/wp\/v2\/pages\/77\/revisions"}],"predecessor-version":[{"id":768,"href":"https:\/\/huseyinemreulukaya.com\/en\/wp-json\/wp\/v2\/pages\/77\/revisions\/768"}],"wp:attachment":[{"href":"https:\/\/huseyinemreulukaya.com\/en\/wp-json\/wp\/v2\/media?parent=77"}],"curies":[{"name":"wp","href":"https:\/\/api.w.org\/{rel}","templated":true}]}}