{"id":942,"date":"2026-01-26T09:44:03","date_gmt":"2026-01-26T09:44:03","guid":{"rendered":"https:\/\/huseyinemreulukaya.com\/?page_id=942"},"modified":"2026-01-26T09:52:51","modified_gmt":"2026-01-26T09:52:51","slug":"cerez-politikasi","status":"publish","type":"page","link":"https:\/\/huseyinemreulukaya.com\/en\/cerez-politikasi\/","title":{"rendered":"Cookie Policy"},"content":{"rendered":"<div data-elementor-type=\"wp-page\" data-elementor-id=\"942\" class=\"elementor elementor-942\">\n\t\t\t\t<div class=\"elementor-element elementor-element-1a705634 e-flex e-con-boxed e-con e-parent\" data-id=\"1a705634\" data-element_type=\"container\" data-e-type=\"container\">\n\t\t\t\t\t<div class=\"e-con-inner\">\n\t\t<div class=\"elementor-element elementor-element-6060cb02 e-con-full e-flex e-con e-child\" data-id=\"6060cb02\" data-element_type=\"container\" data-e-type=\"container\">\n\t\t\t\t<div class=\"elementor-element elementor-element-7b2393e7 elementor-invisible elementor-widget elementor-widget-heading\" data-id=\"7b2393e7\" data-element_type=\"widget\" data-e-type=\"widget\" data-settings=\"{&quot;_animation&quot;:&quot;fadeInUp&quot;,&quot;_animation_mobile&quot;:&quot;none&quot;}\" data-widget_type=\"heading.default\">\n\t\t\t\t<div class=\"elementor-widget-container\">\n\t\t\t\t\t<h1 class=\"elementor-heading-title elementor-size-default\">Cookie Policy\n<\/h1>\t\t\t\t<\/div>\n\t\t\t\t<\/div>\n\t\t\t\t<\/div>\n\t\t\t\t\t<\/div>\n\t\t\t\t<\/div>\n\t\t<div class=\"elementor-element elementor-element-5cce1fed e-flex e-con-boxed e-con e-parent\" data-id=\"5cce1fed\" data-element_type=\"container\" data-e-type=\"container\">\n\t\t\t\t\t<div class=\"e-con-inner\">\n\t\t<div class=\"elementor-element elementor-element-622693e3 e-con-full e-flex e-con e-child\" data-id=\"622693e3\" data-element_type=\"container\" data-e-type=\"container\">\n\t\t<div class=\"elementor-element elementor-element-2574dc1 e-con-full e-flex e-con e-child\" data-id=\"2574dc1\" data-element_type=\"container\" data-e-type=\"container\">\n\t\t\t\t<div class=\"elementor-element elementor-element-2c93df93 elementor-widget elementor-widget-text-editor\" data-id=\"2c93df93\" data-element_type=\"widget\" data-e-type=\"widget\" data-widget_type=\"text-editor.default\">\n\t\t\t\t<div class=\"elementor-widget-container\">\n\t\t\t\t\t\t\t\t\t<p><span style=\"color: #333333;\">Benefit from our website in the most efficient way to live a better user experience on our website and to enable cookies, web beacons, and similar technologies we use. This cookie policy, \u201cthis website\u201d is valid for this text you with details about our use of cookies and we want to explain.<\/span><\/p><h3><span style=\"color: #333333;\"><b>What is a cookie?<\/b><\/span><\/h3><p><span style=\"color: #333333;\">\u201cCookie\u201d when you visit a website, your computer when you visit a web site, your tablet, smart phone, etc.) the data bits are placed on small devices. These data and be able to work properly with the particles of the website was able to provide a better user experience to users, while at the same time the user experience on the web site to be optimized with the help of this analysis and analysis of improvement and development.<\/span><\/p><h4><span style=\"color: #333333;\"><b>The cookies that we use on our website and intended use.<\/b><\/span><\/h4><p><span style=\"color: #333333;\">Cookies during your visit to our website, the pages you reviewed these pages, how long, and how often you visit our web site, with the dates and times of medical devices and applications that are accessing that provide access to provincial, district information, you came up with the orientation of the channels which are on our web site, and these are including but not limited to, user preferences and collects information about you and other visitors stroll on our web site with data logs will be analyzed on an aggregated basis. The data can be analyzed logs as anonymous, so a lot of cookies.<\/span><\/p><p><span style=\"color: #333333;\">Cookies on our web site and our online store is also your membership during your use of transactions, user preferences, and your product and service requests collects information about your operations so that you can enjoy during your visit to our website and the ease of use of this information allows us to automatically be recorded on your own devices. So we'll allow them to live better and more personalized user experience on your next visit.<\/span><\/p><p><span style=\"color: #333333;\">We use the data we collect using cookies and similar technologies on our website is used to identify you.<\/span><\/p><p><span style=\"color: #333333;\">The types of cookies we use on our website and the use of these cookies are our goals:<\/span><\/p><ul><li><span style=\"color: #333333;\"><b>Session Cookies<\/b><\/span><br \/><span style=\"color: #333333;\">These cookies are created during your visit to our website is used. Your visit is completed they will be deleted after a period of time and lost their functionality.<\/span><\/li><li><span style=\"color: #333333;\"><b>Persistent Cookies<\/b><\/span><br \/><span style=\"color: #333333;\">These cookies can be stored for long periods in the hard disk of your device, and may remain stored until the cookies that are deleted from the settings of your browser.<\/span><\/li><li><span style=\"color: #333333;\"><b>First-Party Cookies<\/b><\/span><br \/><span style=\"color: #333333;\">These cookies during your visit to our website servers are stored and sent between the devices you use. These cookies can be Session cookies or persistent Cookies.<\/span><\/li><li><span style=\"color: #333333;\"><b>Third Party Cookies<\/b><\/span><br \/><span style=\"color: #333333;\">These cookies are defined by other organizations that we use for different services and third-party cookies that are sent to and stored in your computer's hard drive with a server. These cookies can be Session cookies or persistent Cookies.<\/span><\/li><li><span style=\"color: #333333;\"><b>Mandatory Cookies<\/b><\/span><br \/><span style=\"color: #333333;\">These cookies our website to work properly all enjoy and allows you to navigate seamlessly on our website. In other words, the mandatory cookies necessary for our website to work and is not subject to your approval. Mandatory Cookies in the browser settings is blocked if all or some parts of our web site may not work.<\/span><\/li><\/ul><h3><span style=\"color: #333333;\"><b>Functionality Cookies<\/b><\/span><\/h3><p><span style=\"color: #333333;\">These cookies enable us to remember your preferences during your visit to our website. In this cookie based on the information on our website, customize the content we show you, you can highlight specific content, and language choices shape the design of the font size of the text web site to remember your user preferences, such as we can make. Functionality cookies settings in the browser is blocked, some parts of our web site, in whole or may not work.<\/span><\/p><h3><span style=\"color: #333333;\"><b>Performance Cookies<\/b><\/span><\/h3><p><span style=\"color: #333333;\">These third-party cookies to improve the functionality and performance of our web site in this type of collecting the data needed to be analyzed by you. The popularity of this analysis is a page of people for you to navigate common functions on the site of a particular property, including but not limited to visitors on our website and how often these are used for user preferences and navigation information and whether it is working as it should or received our website includes measurements for the determination of the errors.<\/span><\/p><h3><span style=\"color: #333333;\"><b>Social networking, cookies and plug-ins<\/b><\/span><\/h3><p><span style=\"color: #333333;\">Our website, LinkedIn, Facebook, Instagram, Twitter, for the use of social networks such as YouTube and third-party Cookies and plug-ins we are able to use. The social network during your visit to our website, on our website, we use plug-ins, a social network can be automatically connected to the server, and the content of the plugin directly from social networks, you can also view by importing them into our web site. In this way, the relevant social network, can access your data process, and relevant for your account on the social network may combine it with data. Social networks created through plugins, cookies, and have no control and no influence on the scope of the processed data. Social networks your personal data, for what purpose, by what means and for what period of time about how it would work for more information, please review their privacy policies published by the relevant social networks carefully please.<\/span><\/p><h3><span style=\"color: #333333;\"><b>Target and advertising Cookies<\/b><\/span><\/h3><p><span style=\"color: #333333;\">Ad networks, Google Ads, Facebook, Instagram and LinkedIn for the use of third party ad networks and ad networks we may use cookies. These ad networks ad to work in connection with which we can use cookies to show you relevant and personalized ads, to measure the effectiveness of advertising campaigns and is used for purposes such as remembering your preferences and visit.<\/span><\/p><p><span style=\"color: #333333;\">We may also use various third party cookies our web site. We use third party cookies, belonging to the privacy policies of the relevant parties are and what you will find links to below.<\/span><\/p><ul><li><span style=\"color: #333333;\"><strong>Google Analytics<\/strong>: <\/span><span style=\"color: #333333;\"><a style=\"color: #333333;\" href=\"https:\/\/policies.google.com\/privacy?hl=tr\" rel=\"nofollow noopener\" target=\"_blank\">https:\/\/policies.google.com\/privacy?hl=tr<\/a><\/span><\/li><li><span style=\"color: #333333;\"><strong>Google Tag Manager<\/strong>: <\/span><span style=\"color: #333333;\"><a style=\"color: #333333;\" href=\"https:\/\/policies.google.com\/privacy?hl=tr\" rel=\"nofollow noopener\" target=\"_blank\">https:\/\/policies.google.com\/privacy?hl=tr<\/a><\/span><\/li><li><span style=\"color: #333333;\"><strong>Ads By Google<\/strong>: <\/span><span style=\"color: #333333;\"><a style=\"color: #333333;\" href=\"https:\/\/policies.google.com\/privacy?hl=tr\" rel=\"nofollow noopener\" target=\"_blank\">https:\/\/policies.google.com\/privacy?hl=tr<\/a><\/span><\/li><li><span style=\"color: #333333;\"><strong>Youtube<\/strong>: <\/span><span style=\"color: #333333;\"><a style=\"color: #333333;\" href=\"https:\/\/policies.google.com\/privacy?hl=tr\" rel=\"nofollow noopener\" target=\"_blank\">https:\/\/policies.google.com\/privacy?hl=tr<\/a><\/span><\/li><li><span style=\"color: #333333;\"><strong>LinkedIn<\/strong>: <\/span><span style=\"color: #333333;\"><a style=\"color: #333333;\" href=\"https:\/\/linkedin.com\/legal\/privacy-policy\" rel=\"nofollow noopener\" target=\"_blank\">https:\/\/linkedin.com\/legal\/privacy-policy<\/a><\/span><\/li><li><span style=\"color: #333333;\"><strong>Facebook<\/strong>: <\/span><span style=\"color: #333333;\"><a style=\"color: #333333;\" href=\"https:\/\/facebook.com\/privacy\/explanation\" rel=\"nofollow noopener\" target=\"_blank\">https:\/\/facebook.com\/privacy\/explanation<\/a><\/span><\/li><li><span style=\"color: #333333;\"><strong>Instagram<\/strong>: <\/span><span style=\"color: #333333;\"><a style=\"color: #333333;\" href=\"https:\/\/facebook.com\/privacy\/explanation\" rel=\"nofollow noopener\" target=\"_blank\">https:\/\/facebook.com\/privacy\/explanation<\/a><\/span><\/li><li><span style=\"color: #333333;\"><strong>Twitter<\/strong>: <\/span><span style=\"color: #333333;\"><a style=\"color: #333333;\" href=\"https:\/\/twitter.com\/en\/privacy\" rel=\"nofollow noopener\" target=\"_blank\">https:\/\/twitter.com\/en\/privacy<\/a><\/span><\/li><\/ul><h4><span style=\"color: #333333;\"><b>How You Can Prevent The Use Of Cookies?<\/b><\/span><\/h4><p><span style=\"color: #333333;\">The use of cookies from our web site ensures that you get better service. However, still, you can prevent the use of cookies by changing your browser settings. If you Block cookies, please note that some features and services on our web site calisamayab properly.<\/span><\/p><p><span style=\"color: #333333;\">The majority of internet browsers are set so that cookies will be automatically accepted. However, most internet browsers, such as opting out of cookies placed on your device or warn you before you have the possibility to choose the settings can also be found. However, whenever you want cookies you can delete and\/or block you.<\/span><\/p><p><span style=\"color: #333333;\">You can set your Internet browser to prevent cookies and delete existing cookies on your device. Your browser's \u201chelp\u201d function by using cookies and how you can change the settings that you have blocked, you can learn.<\/span><\/p><h3><span style=\"color: #333333;\"><b>Contact us<\/b><\/span><\/h3><p><span style=\"color: #333333;\">If you need more information about the use of cookies, you can reach us through our contact information.<\/span><\/p>\t\t\t\t\t\t\t\t<\/div>\n\t\t\t\t<\/div>\n\t\t\t\t<\/div>\n\t\t\t\t<\/div>\n\t\t\t\t\t<\/div>\n\t\t\t\t<\/div>\n\t\t\t\t<\/div>","protected":false},"excerpt":{"rendered":"<p>\u00c7erez Politikas\u0131 Web sitemizden en verimli \u015fekilde faydalanabilmeniz ve daha iyi bir kullan\u0131m deneyimi ya\u015fayabilmeniz i\u00e7in web sitemizde \u00e7erezler, web i\u015faret\u00e7ileri ve benzeri teknolojiler kullanmaktay\u0131z. Bu \u00c7erez Politikas\u0131 \u201cBu Web Sitesi\u201d i\u00e7in ge\u00e7erli olup, bu metin ile size \u00e7erez kullan\u0131m\u0131m\u0131za y\u00f6nelik detaylar\u0131 a\u00e7\u0131klamak istiyoruz. \u00c7erez (Cookie) nedir? \u201c\u00c7erez\u201d (Cookie), bir web sitesini ziyaret etti\u011finizde, web [&hellip;]<\/p>","protected":false},"author":1,"featured_media":0,"parent":0,"menu_order":0,"comment_status":"closed","ping_status":"closed","template":"","meta":{"footnotes":""},"class_list":["post-942","page","type-page","status-publish","hentry"],"_links":{"self":[{"href":"https:\/\/huseyinemreulukaya.com\/en\/wp-json\/wp\/v2\/pages\/942","targetHints":{"allow":["GET"]}}],"collection":[{"href":"https:\/\/huseyinemreulukaya.com\/en\/wp-json\/wp\/v2\/pages"}],"about":[{"href":"https:\/\/huseyinemreulukaya.com\/en\/wp-json\/wp\/v2\/types\/page"}],"author":[{"embeddable":true,"href":"https:\/\/huseyinemreulukaya.com\/en\/wp-json\/wp\/v2\/users\/1"}],"replies":[{"embeddable":true,"href":"https:\/\/huseyinemreulukaya.com\/en\/wp-json\/wp\/v2\/comments?post=942"}],"version-history":[{"count":10,"href":"https:\/\/huseyinemreulukaya.com\/en\/wp-json\/wp\/v2\/pages\/942\/revisions"}],"predecessor-version":[{"id":956,"href":"https:\/\/huseyinemreulukaya.com\/en\/wp-json\/wp\/v2\/pages\/942\/revisions\/956"}],"wp:attachment":[{"href":"https:\/\/huseyinemreulukaya.com\/en\/wp-json\/wp\/v2\/media?parent=942"}],"curies":[{"name":"wp","href":"https:\/\/api.w.org\/{rel}","templated":true}]}}